{"id":179,"date":"2020-06-08T01:16:16","date_gmt":"2020-06-08T01:16:16","guid":{"rendered":"http:\/\/sw-themes.com\/porto_dummy\/?page_id=179"},"modified":"2022-03-28T18:58:54","modified_gmt":"2022-03-28T18:58:54","slug":"iletisim","status":"publish","type":"page","link":"https:\/\/www.sevditekstil.com\/en\/iletisim\/","title":{"rendered":"Contact Us"},"content":{"rendered":"<div class=\"vc_row wpb_row py-5 vc_custom_1591607686137 vc_row-has-fill porto-inner-container\"><div class=\"porto-wrap-container container\"><div class=\"row\"><div class=\"vc_column_container col-md-12\"><div class=\"wpb_wrapper vc_column-inner\"><div class=\"vc_row wpb_row vc_inner row no-padding mx-0 py-5 mb-3 background-color-light custom-icon-boxes justify-content-center box-shadow-1\" data-appear-animation=\"fadeInUp\" data-appear-animation-delay=\"100\"><div class=\"my-4 vc_column_container col-md-6 col-lg-4\"><div class=\"wpb_wrapper vc_column-inner\"><h3 style=\"font-size: 1.5rem;line-height: 1.2;text-align: center;font-weight:600\" class=\"vc_custom_heading mb-4 px-5 heading-primary\">Phone<\/h3>\n\t<div class=\"wpb_text_column wpb_content_element  mb-0 text-center px-5\" >\n\t\t<div class=\"wpb_wrapper\">\n\t\t\t<p class=\"text-color-secondary font-size-xl font-weight-bold mb-0\"><strong>Factory<\/strong><\/p>\n<p class=\"d-block m-0\">(0546) 415 92 91<\/p>\n\n\t\t<\/div>\n\t<\/div>\n<\/div><\/div><div class=\"my-4 vc_column_container col-md-6 col-lg-4\"><div class=\"wpb_wrapper vc_column-inner\"><h3 style=\"font-size: 1.5rem;line-height: 1.2;text-align: center;font-weight:600\" class=\"vc_custom_heading mb-4 px-5 heading-primary\">Address<\/h3>\n\t<div class=\"wpb_text_column wpb_content_element  mb-0 px-5 text-center\" >\n\t\t<div class=\"wpb_wrapper\">\n\t\t\t<p class=\"text-color-secondary font-size-xl font-weight-bold mb-0\"><strong>Address<\/strong><\/p>\n<p class=\"mb-0\">Aosb Ac\u0131dere Mh. Toroslar Cd. No:5\u00a0 Sar\u0131\u00e7am \/ Adana<\/p>\n\n\t\t<\/div>\n\t<\/div>\n<\/div><\/div><div class=\"my-4 vc_column_container col-md-6 col-lg-4\"><div class=\"wpb_wrapper vc_column-inner\"><h3 style=\"font-size: 1.5rem;line-height: 1.2;text-align: center;font-weight:600\" class=\"vc_custom_heading mb-4 px-5 heading-primary\">E-Mail<\/h3>\n\t<div class=\"wpb_text_column wpb_content_element  mb-0 px-5 text-center\" >\n\t\t<div class=\"wpb_wrapper\">\n\t\t\t<p class=\"text-color-secondary font-size-xl font-weight-bold mb-0\"><strong>E-Mail Support<\/strong><\/p>\n<p class=\"mb-0\"><a href=\"mailto:info@sevditekstil.com\">info@sevditekstil.com<\/a><\/p>\n\n\t\t<\/div>\n\t<\/div>\n<\/div><\/div><\/div><\/div><\/div><\/div><\/div><\/div><div class=\"vc_row wpb_row py-5 porto-inner-container\"><div class=\"porto-wrap-container container\"><div class=\"row\"><div class=\"vc_column_container col-md-12\"><div class=\"wpb_wrapper vc_column-inner\"><div class=\"vc_custom_heading mb-1 align-left heading heading-border heading-primary heading-middle-border heading-middle-border-reverse heading-border-lg\"><h5 style=\"line-height: 1.6;font-weight:600;letter-spacing:0\" data-appear-animation=\"fadeInLeft\" data-appear-animation-delay=\"100\" class=\"heading-tag heading-primary text-uppercase\">SEVD\u0130 TEXTILE<\/h5><\/div><h2 style=\"font-size: 2.2em;line-height: 1.4\" data-appear-animation=\"fadeInLeft\" data-appear-animation-delay=\"300\" class=\"vc_custom_heading mb-2 align-left\">Contact Form<\/h2><p  data-appear-animation=\"fadeInLeft\" data-appear-animation-delay=\"400\" class=\"vc_custom_heading mb-4 align-left\">You can contact us using the contact form. Your message will be responded as soon as possible.<\/p><div class=\"porto-animation\" data-appear-animation=\"fadeIn\" data-appear-animation-delay=\"600\"><div role=\"form\" class=\"wpcf7\" id=\"wpcf7-f399-o1\" lang=\"en-US\" dir=\"ltr\">\n<div class=\"screen-reader-response\"><p role=\"status\" aria-live=\"polite\" aria-atomic=\"true\"><\/p> <ul><\/ul><\/div>\n<form action=\"\/en\/wp-json\/wp\/v2\/pages\/179#wpcf7-f399-o1\" method=\"post\" class=\"wpcf7-form init\" novalidate=\"novalidate\" data-status=\"init\" data-trp-original-action=\"\/en\/wp-json\/wp\/v2\/pages\/179#wpcf7-f399-o1\">\n<div style=\"display: none;\">\n<input type=\"hidden\" name=\"_wpcf7\" value=\"399\" \/>\n<input type=\"hidden\" name=\"_wpcf7_version\" value=\"5.5.6\" \/>\n<input type=\"hidden\" name=\"_wpcf7_locale\" value=\"en_US\" \/>\n<input type=\"hidden\" name=\"_wpcf7_unit_tag\" value=\"wpcf7-f399-o1\" \/>\n<input type=\"hidden\" name=\"_wpcf7_container_post\" value=\"0\" \/>\n<input type=\"hidden\" name=\"_wpcf7_posted_data_hash\" value=\"\" \/>\n<\/div>\n<div class=\"form-row row\">\n<div class=\"form-group col-lg-6\">\n    <span class=\"wpcf7-form-control-wrap your-name\"><input type=\"text\" name=\"your-name\" value=\"\" size=\"40\" class=\"wpcf7-form-control wpcf7-text wpcf7-validates-as-required form-control\" id=\"contact-name\" aria-required=\"true\" aria-invalid=\"false\" placeholder=\"Your Name\" \/><\/span>\n<\/div>\n<div class=\"form-group col-lg-6\">\n    <span class=\"wpcf7-form-control-wrap your-email\"><input type=\"email\" name=\"your-email\" value=\"\" size=\"40\" class=\"wpcf7-form-control wpcf7-text wpcf7-email wpcf7-validates-as-required wpcf7-validates-as-email form-control\" id=\"contact-email\" aria-required=\"true\" aria-invalid=\"false\" placeholder=\"Your Email Address\" \/><\/span>\n<\/div>\n<\/div>\n<div class=\"form-group\">\n    <span class=\"wpcf7-form-control-wrap your-subject\"><input type=\"text\" name=\"your-subject\" value=\"\" size=\"40\" class=\"wpcf7-form-control wpcf7-text form-control\" id=\"contact-subject\" aria-invalid=\"false\" placeholder=\"Subject\" \/><\/span>\n<\/div>\n<div class=\"form-group\">\n    <span class=\"wpcf7-form-control-wrap your-message\"><textarea name=\"your-message\" cols=\"40\" rows=\"5\" class=\"wpcf7-form-control wpcf7-textarea form-control\" id=\"contact-message\" aria-invalid=\"false\" placeholder=\"Your Message\"><\/textarea><\/span>\n<\/div>\n<div class=\"form-group\">\n    <input type=\"submit\" value=\"SEND\" class=\"wpcf7-form-control has-spinner wpcf7-submit btn btn-modern btn-lg btn-primary\" \/>\n<\/div>\n<div class=\"wpcf7-response-output\" aria-hidden=\"true\"><\/div><input type=\"hidden\" name=\"trp-form-language\" value=\"en\"\/><\/form><\/div><\/div><\/div><\/div><\/div><\/div><\/div>","protected":false},"excerpt":{"rendered":"Telefon Fabrika (0546) 415 92 91 Adres Adres Aosb Ac\u0131dere Mh. Toroslar Cd. No:5\u00a0 Sar\u0131\u00e7am \/ Adana E-Mail Destek E-Mail info@sevditekstil.com SEVD\u0130 TEKST\u0130L\u0130leti\u015fim Formu\u0130leti\u015fim formunu kullanarak bize ula\u015fabilirsiniz. En k\u0131sa s\u00fcrede mesaj\u0131n\u0131za d\u00f6n\u00fc\u015f yap\u0131lacakt\u0131r.","protected":false},"author":1,"featured_media":0,"parent":0,"menu_order":0,"comment_status":"closed","ping_status":"closed","template":"","meta":[],"_links":{"self":[{"href":"https:\/\/www.sevditekstil.com\/en\/wp-json\/wp\/v2\/pages\/179"}],"collection":[{"href":"https:\/\/www.sevditekstil.com\/en\/wp-json\/wp\/v2\/pages"}],"about":[{"href":"https:\/\/www.sevditekstil.com\/en\/wp-json\/wp\/v2\/types\/page"}],"author":[{"embeddable":true,"href":"https:\/\/www.sevditekstil.com\/en\/wp-json\/wp\/v2\/users\/1"}],"replies":[{"embeddable":true,"href":"https:\/\/www.sevditekstil.com\/en\/wp-json\/wp\/v2\/comments?post=179"}],"version-history":[{"count":8,"href":"https:\/\/www.sevditekstil.com\/en\/wp-json\/wp\/v2\/pages\/179\/revisions"}],"predecessor-version":[{"id":528,"href":"https:\/\/www.sevditekstil.com\/en\/wp-json\/wp\/v2\/pages\/179\/revisions\/528"}],"wp:attachment":[{"href":"https:\/\/www.sevditekstil.com\/en\/wp-json\/wp\/v2\/media?parent=179"}],"curies":[{"name":"wp","href":"https:\/\/api.w.org\/{rel}","templated":true}]}}