{"id":6,"date":"2020-06-04T08:45:09","date_gmt":"2020-06-04T08:45:09","guid":{"rendered":"http:\/\/sw-themes.com\/porto_dummy\/?page_id=6"},"modified":"2022-03-29T11:13:30","modified_gmt":"2022-03-29T11:13:30","slug":"hakkimizda","status":"publish","type":"page","link":"https:\/\/www.sevditekstil.com\/en\/hakkimizda\/","title":{"rendered":"About Us"},"content":{"rendered":"<div class=\"vc_row wpb_row py-5 porto-inner-container\"><div class=\"porto-wrap-container container\"><div class=\"row\"><div class=\"vc_column_container col-md-12\"><div class=\"wpb_wrapper vc_column-inner\"><div class=\"vc_row wpb_row vc_inner row\"><div class=\"vc_column_container col-md-12 col-lg-6\"><div class=\"wpb_wrapper vc_column-inner\">\n\t<div class=\"wpb_text_column wpb_content_element\" >\n\t\t<div class=\"wpb_wrapper\">\n\t\t\t<p><span style=\"font-size: 18px;\">Will be updated..<\/span><\/p>\n\n\t\t<\/div>\n\t<\/div>\n<\/div><\/div><div class=\"vc_column_container col-md-12 col-lg-6\"><div class=\"wpb_wrapper vc_column-inner\">\n\t<div class=\"wpb_text_column wpb_content_element\" >\n\t\t<div class=\"wpb_wrapper\">\n\t\t\t         <style>\r\n             #player69e9fe71a9e77.h5vp_player { width: ; border-radius: ; overflow: hidden; }        <\/style>\r\n        <div id=\"h5vp_player\">\r\n            <div id=\"player69e9fe71a9e77\" class=\"h5vp_player h5vp_player_initializer\" data-settings=\"{&quot;options&quot;:{&quot;controls&quot;:[&quot;play-large&quot;,&quot;rewind&quot;,&quot;play&quot;,&quot;fast-forward&quot;,&quot;progress&quot;,&quot;current-time&quot;,&quot;mute&quot;,&quot;volume&quot;,&quot;settings&quot;,&quot;fullscreen&quot;],&quot;loop&quot;:{&quot;active&quot;:false},&quot;muted&quot;:false,&quot;hideControls&quot;:true,&quot;autoplay&quot;:false,&quot;tooltips&quot;:{&quot;controls&quot;:true,&quot;seek&quot;:true},&quot;resetOnEnd&quot;:true,&quot;captions&quot;:{&quot;active&quot;:true,&quot;update&quot;:true}},&quot;infos&quot;:{&quot;source&quot;:&quot;https:\\\/\\\/www.sevditekstil.com\\\/wp-content\\\/uploads\\\/2022\\\/03\\\/sevdi-intro.mp4&quot;,&quot;poster&quot;:&quot;https:\\\/\\\/www.sevditekstil.com\\\/wp-content\\\/uploads\\\/2022\\\/03\\\/video-thumb.jpg&quot;,&quot;skin&quot;:&quot;default&quot;,&quot;id&quot;:0}}\">\r\n                <video playsinline poster=\"https:\/\/www.sevditekstil.com\/wp-content\/uploads\/2022\/03\/video-thumb.jpg\"  >\r\n                    <source src=\"https:\/\/www.sevditekstil.com\/wp-content\/uploads\/2022\/03\/sevdi-intro.mp4\" type=\"video\/mp4\">\r\n                    Your browser does not support the video tag.\r\n                <\/video>\r\n            <\/div>\r\n        <\/div>\r\n        \n\n\t\t<\/div>\n\t<\/div>\n<\/div><\/div><\/div><\/div><\/div><\/div><\/div><\/div><div class=\"vc_row wpb_row vc_custom_1591499795088 section section-secondary mt-0 mb-0 section-no-borders porto-inner-container\"><div class=\"porto-wrap-container container\"><div class=\"row align-items-center\"><div class=\"vc_column_container col-md-12 col-xl-5\"><div class=\"wpb_wrapper vc_column-inner\"><div class=\"vc_custom_heading mb-1 align-left heading heading-border heading-primary heading-middle-border heading-middle-border-reverse heading-border-lg\"><h5 style=\"line-height: 1.6;font-weight:600;letter-spacing:0\" data-appear-animation=\"fadeInLeft\" data-appear-animation-delay=\"300\" class=\"heading-tag heading-light text-uppercase\">SEVD\u0130 TEXTILE<\/h5><\/div><h2 style=\"font-size: 2.2em;line-height: 1.4\" data-appear-animation=\"fadeInLeft\" data-appear-animation-delay=\"400\" class=\"vc_custom_heading mb-1 align-left heading-light\">High Quality Fabric Production<\/h2><p style=\"font-weight:600\" data-appear-animation=\"fadeInLeft\" data-appear-animation-delay=\"500\" class=\"vc_custom_heading mb-4 mb-xl-0 align-left heading-light\">Contact us to view our wide range of products.<\/p><\/div><\/div><div class=\"text-xl-right vc_column_container col-md-12 offset-xl-1 col-xl-6\"><div class=\"wpb_wrapper vc_column-inner\"><div class=\"porto-animation  d-inline-block v-middle\" data-appear-animation=\"fadeInRight\" data-appear-animation-delay=\"700\"><div class=\"porto-sicon-box mb-0 mr-4 pr-2 py-3 style_1 default-icon\"><div class=\"porto-sicon-default\"><div id=\"porto-icon-144867135469e9fe71ac258\" class=\"porto-just-icon-wrapper\" style=\"text-align:center;\"><div class=\"porto-sicon-img\" style=\"background:#dde2ea;padding:15px;border-radius:24px;display:inline-block;font-size: 18px;\"><img class=\"img-icon\" alt=\"\" src=\"\/\/sw-themes.com\/porto_dummy\/wp-content\/uploads\/images\/business-consulting-2\/icons\/phone.svg\" width=\"18\" height=\"18\" \/><\/div><\/div><\/div><div class=\"porto-sicon-header\" ><a class=\"porto-sicon-box-link\" href=\"tel:+905464159291\" target='_blank'><h4 class=\"porto-sicon-title\" style=\"font-weight:600;font-size:1.2em;line-height:1.2;letter-spacing:0;\">(0546) 415 92 91<\/h4><\/a><\/div> <!-- header --><\/div><!-- porto-sicon-box --><\/div><div class=\"vc_btn3-container  mb-0 v-middle vc_btn3-inline\" >\n\t<a  data-appear-animation=\"fadeInRight\"  data-appear-animation-delay=\"900\" class=\"vc_btn3 vc_btn3-shape-default btn btn-modern btn-lg btn-primary\" href=\"https:\/\/www.sevditekstil.com\/en\/iletisim\/\" title=\"Contact Us\">Contact Us<\/a>\t<\/div>\n<\/div><\/div><\/div><\/div><\/div><div class=\"vc_row wpb_row row\"><div class=\"vc_column_container col-md-12\"><div class=\"wpb_wrapper vc_column-inner\">\n\t<div class=\"wpb_text_column wpb_content_element\" >\n\t\t<div class=\"wpb_wrapper\">\n\t\t\t\n\t\t<\/div>\n\t<\/div>\n<\/div><\/div><\/div><div class=\"vc_row wpb_row porto-inner-container\"><div class=\"porto-wrap-container container\"><div class=\"row\"><div class=\"vc_column_container col-md-6\"><div class=\"wpb_wrapper vc_column-inner\"><\/div><\/div><\/div><\/div><\/div>","protected":false},"excerpt":{"rendered":"G\u00fcncellenecektir. Your browser does not support the video tag. SEVD\u0130 TEKST\u0130LY\u00fcksek Kalite Kuma\u015f \u00dcretimiGeni\u015f \u00fcr\u00fcn yelpazemizi incelemek i\u00e7in bizimle ileti\u015fime ge\u00e7in.(0546) 415 92 91 \u0130LET\u0130\u015e\u0130M","protected":false},"author":1,"featured_media":0,"parent":0,"menu_order":0,"comment_status":"closed","ping_status":"closed","template":"","meta":[],"_links":{"self":[{"href":"https:\/\/www.sevditekstil.com\/en\/wp-json\/wp\/v2\/pages\/6"}],"collection":[{"href":"https:\/\/www.sevditekstil.com\/en\/wp-json\/wp\/v2\/pages"}],"about":[{"href":"https:\/\/www.sevditekstil.com\/en\/wp-json\/wp\/v2\/types\/page"}],"author":[{"embeddable":true,"href":"https:\/\/www.sevditekstil.com\/en\/wp-json\/wp\/v2\/users\/1"}],"replies":[{"embeddable":true,"href":"https:\/\/www.sevditekstil.com\/en\/wp-json\/wp\/v2\/comments?post=6"}],"version-history":[{"count":6,"href":"https:\/\/www.sevditekstil.com\/en\/wp-json\/wp\/v2\/pages\/6\/revisions"}],"predecessor-version":[{"id":572,"href":"https:\/\/www.sevditekstil.com\/en\/wp-json\/wp\/v2\/pages\/6\/revisions\/572"}],"wp:attachment":[{"href":"https:\/\/www.sevditekstil.com\/en\/wp-json\/wp\/v2\/media?parent=6"}],"curies":[{"name":"wp","href":"https:\/\/api.w.org\/{rel}","templated":true}]}}